{"id":500,"date":"2023-06-16T15:36:55","date_gmt":"2023-06-16T13:36:55","guid":{"rendered":"https:\/\/www.disstands.com\/politica-daccessibilitat\/"},"modified":"2025-10-08T16:52:20","modified_gmt":"2025-10-08T14:52:20","slug":"politica-daccessibilitat","status":"publish","type":"page","link":"https:\/\/www.disstands.com\/ca\/politica-daccessibilitat\/","title":{"rendered":"Pol\u00edtica daccessibilitat"},"content":{"rendered":"\t\t<div data-elementor-type=\"wp-page\" data-elementor-id=\"500\" class=\"elementor elementor-500 elementor-325\" data-elementor-post-type=\"page\">\n\t\t\t\t\t\t<section class=\"elementor-section elementor-top-section elementor-element elementor-element-98e1df3 elementor-section-boxed elementor-section-height-default elementor-section-height-default\" data-id=\"98e1df3\" data-element_type=\"section\" data-e-type=\"section\">\n\t\t\t\t\t\t<div class=\"elementor-container elementor-column-gap-default\">\n\t\t\t\t\t<div class=\"elementor-column elementor-col-100 elementor-top-column elementor-element elementor-element-f27ba1f\" data-id=\"f27ba1f\" data-element_type=\"column\" data-e-type=\"column\">\n\t\t\t<div class=\"elementor-widget-wrap elementor-element-populated\">\n\t\t\t\t\t\t<div class=\"elementor-element elementor-element-b4c043b elementor-widget elementor-widget-text-editor\" data-id=\"b4c043b\" data-element_type=\"widget\" data-e-type=\"widget\" aria-label=\"accessibility-text\" role=\"article\" data-widget_type=\"text-editor.default\">\n\t\t\t\t<div class=\"elementor-widget-container\">\n\t\t\t\t\t\t\t\t\t<h1><span style=\"color: #800000;\">Pol\u00edtica d&#8217;accessibilitat<\/span><\/h1><p>L&#8217;empresa<a href=\"https:\/\/disstands\"> <\/a>s&#8217;ha comprom\u00e8s a fer accessible el vostre lloc web de conformitat amb el Reial Decret 1112\/2018, de 7 de setembre, sobre accessibilitat dels llocs web i aplicacions per a dispositius m\u00f2bils del sector p\u00fablic, o desenvolupaments finan\u00e7ats des d&#8217;Europa.<\/p><p>Aquesta declaraci\u00f3 d&#8217;accessibilitat s&#8217;aplica al lloc web https:\/\/www.disstands.com<span style=\"color: #ff0000;\"><strong> <\/strong><\/span>excloent-ne els continguts incrustats provinents d&#8217;altres dominis.<\/p><p><strong>Situaci\u00f3 de compliment<\/strong><br>Aquest lloc web \u00e9s parcialment conforme amb el RD 1112\/2018 a causa de la manca de conformitat dels aspectes que s&#8217;indiquen a continuaci\u00f3.<\/p><p><strong>Contingut no accessible<\/strong><\/p><p>El contingut que es recull a continuaci\u00f3 no \u00e9s accessible pels motius seg\u00fcents:<\/p><ul><li>Manca de conformitat:<\/li><li>Poden existir algunes imatges l&#8217;alternativa de les quals no estigui implementada o no sigui correcta &#8211; \u2013 Requisit 9.1.1.1 Contingut no textual UNE-EN 301549:2022<\/li><li>Als formularis, hi pot haver camps que no s&#8217;hagin facilitat l&#8217;emplenament a trav\u00e9s de sistemes autom\u00e0tics \u2013 Requisit 9.1.3.5 Identificar el prop\u00f2sit de l&#8217;entrada UNE-EN 301549:2022<\/li><li>Pot haver-hi elements el contrast dels quals no sigui suficient en algunes p\u00e0gines \u2013 Requisit 9.1.4.3 Contrast UNE-EN 301549:2020<\/li><li>Pot haver-hi camps de formulari on la vostra etiqueta no sigui correcta o no existeixi \u2013 Requisit n\u00famero 9.3.3.2 Etiquetes o instruccions d&#8217;UNE-EN 301549:2022<\/li><li>Poden existir alguns errors de parseig al codi &#8211; Requisit n\u00famero 9.4.1.1 Processament d&#8217;UNE-EN 301549:2022<\/li><li>Podrien haver-hi errors puntuals d&#8217;edici\u00f3 en alguna p\u00e0gina web.<\/li><li>C\u00e0rrega desproporcionada: No \u00e9s aplicable.<\/li><li>El contingut no entra dins l\u00e0mbit de la legislaci\u00f3 aplicable.<br>Podrien existir fitxers ofim\u00e0tics en PDF o altres formats publicats abans del 20 de setembre de 2018 que no compleixin \u00edntegrament tots els requisits d&#8217;accessibilitat.<br>Hi pot haver continguts de tercers que no estiguin desenvolupats en aquesta Unitat, ni sota el seu control, com a fitxers ofim\u00e0tics de diferents organismes que s&#8217;hagin de publicar en aquest lloc.<\/li><\/ul><p><strong>Observacions i dades de contacte<\/strong><\/p><ul><li>Podeu realitzar comunicacions sobre requisits d&#8217;accessibilitat [article 10.2.a) del RD 1112\/2018 com, per exemple:<br>Informar sobre qualsevol possible incompliment per part daquest lloc web.<\/li><li>Transmetre altres dificultats dacc\u00e9s al contingut.<\/li><li>Formular qualsevol altra consulta o suggeriment de millora relativa a l&#8217;accessibilitat del lloc web a trav\u00e9s del seg\u00fcent https:\/\/www.disstands.com\/#contacte o trucant al tel\u00e8fon 93 485 00 85 de 9 a 14 hores de dilluns a divendres.<\/li><\/ul><p><strong>Podeu presentar:<\/strong><\/p><ul><li>Una queixa relativa al compliment dels requisits del RD 1112\/2018<\/li><li>Una sol\u00b7licitud d&#8217;informaci\u00f3 accessible relativa a:<ul><li>Continguts que estan exclosos de l\u00e0mbit daplicaci\u00f3 del RD 1112\/2018 segons el que estableix larticle 3, apartat 4.<\/li><li>Continguts que estan exempts del compliment dels requisits daccessibilitat per imposar una c\u00e0rrega desproporcionada.<\/li><\/ul><\/li><\/ul><p>A la sol\u00b7licitud d&#8217;informaci\u00f3 accessible, cal concretar, amb tota claredat, els fets, les raons i la petici\u00f3 que permetin constatar que es tracta d&#8217;una sol\u00b7licitud raonable i leg\u00edtima.<\/p>\t\t\t\t\t\t\t\t<\/div>\n\t\t\t\t<\/div>\n\t\t\t\t\t<\/div>\n\t\t<\/div>\n\t\t\t\t\t<\/div>\n\t\t<\/section>\n\t\t\t\t<\/div>\n\t\t","protected":false},"excerpt":{"rendered":"<p>Pol\u00edtica d&#8217;accessibilitat L&#8217;empresa s&#8217;ha comprom\u00e8s a fer accessible el vostre lloc web de conformitat amb el Reial Decret 1112\/2018, de 7 de setembre, sobre accessibilitat dels llocs web i aplicacions per a dispositius m\u00f2bils del sector p\u00fablic, o desenvolupaments finan\u00e7ats des d&#8217;Europa. Aquesta declaraci\u00f3 d&#8217;accessibilitat s&#8217;aplica al lloc web https:\/\/www.disstands.com excloent-ne els continguts incrustats provinents [&hellip;]<\/p>\n","protected":false},"author":5,"featured_media":0,"parent":0,"menu_order":0,"comment_status":"closed","ping_status":"closed","template":"","meta":{"_acf_changed":false,"inline_featured_image":false,"footnotes":""},"class_list":["post-500","page","type-page","status-publish","hentry"],"acf":[],"yoast_head":"<!-- This site is optimized with the Yoast SEO plugin v27.4 - https:\/\/yoast.com\/product\/yoast-seo-wordpress\/ -->\n<title>\u25b7Pol\u00edtica daccessibilitat - \u3010 Disstands \u3011<\/title>\n<meta name=\"description\" content=\"Pol\u00edtica d&#039;accessibilitatL&#039;empresa s&#039;ha comprom\u00e8s a fer accessible el vostre lloc web de conformitat amb el Reial Decret 1112\/2018, de 7 de setembre, \u2713\" \/>\n<meta name=\"robots\" content=\"noindex, nofollow\" \/>\n<meta property=\"og:locale\" content=\"ca_ES\" \/>\n<meta property=\"og:type\" content=\"article\" \/>\n<meta property=\"og:title\" content=\"\u25b7Pol\u00edtica daccessibilitat - \u3010 Disstands \u3011\" \/>\n<meta property=\"og:description\" content=\"Pol\u00edtica d&#039;accessibilitatL&#039;empresa s&#039;ha comprom\u00e8s a fer accessible el vostre lloc web de conformitat amb el Reial Decret 1112\/2018, de 7 de setembre, \u2713\" \/>\n<meta property=\"og:url\" content=\"https:\/\/www.disstands.com\/politica-de-accesibilidad\/\" \/>\n<meta property=\"og:site_name\" content=\"Disstands\" \/>\n<meta property=\"article:publisher\" content=\"https:\/\/www.facebook.com\/p\/wwwdisstandscom-100064148438682\/?_rdr\" \/>\n<meta property=\"article:modified_time\" content=\"2025-10-08T14:52:20+00:00\" \/>\n<meta name=\"twitter:card\" content=\"summary_large_image\" \/>\n<meta name=\"twitter:site\" content=\"@disstands\" \/>\n<meta name=\"twitter:label1\" content=\"Temps estimat de lectura\" \/>\n\t<meta name=\"twitter:data1\" content=\"2 minuts\" \/>\n<!-- \/ Yoast SEO plugin. -->","yoast_head_json":{"title":"\u25b7Pol\u00edtica daccessibilitat - \u3010 Disstands \u3011","description":"Pol\u00edtica d'accessibilitatL'empresa s'ha comprom\u00e8s a fer accessible el vostre lloc web de conformitat amb el Reial Decret 1112\/2018, de 7 de setembre, \u2713","robots":{"index":"noindex","follow":"nofollow"},"og_locale":"ca_ES","og_type":"article","og_title":"\u25b7Pol\u00edtica daccessibilitat - \u3010 Disstands \u3011","og_description":"Pol\u00edtica d'accessibilitatL'empresa s'ha comprom\u00e8s a fer accessible el vostre lloc web de conformitat amb el Reial Decret 1112\/2018, de 7 de setembre, \u2713","og_url":"https:\/\/www.disstands.com\/politica-de-accesibilidad\/","og_site_name":"Disstands","article_publisher":"https:\/\/www.facebook.com\/p\/wwwdisstandscom-100064148438682\/?_rdr","article_modified_time":"2025-10-08T14:52:20+00:00","twitter_card":"summary_large_image","twitter_site":"@disstands","twitter_misc":{"Temps estimat de lectura":"2 minuts"},"schema":{"@context":"https:\/\/schema.org","@graph":[{"@type":"WebPage","@id":"https:\/\/www.disstands.com\/politica-de-accesibilidad\/","url":"https:\/\/www.disstands.com\/politica-de-accesibilidad\/","name":"\u25b7Pol\u00edtica daccessibilitat - \u3010 Disstands \u3011","isPartOf":{"@id":"https:\/\/www.disstands.com\/#website"},"datePublished":"2023-06-16T13:36:55+00:00","dateModified":"2025-10-08T14:52:20+00:00","description":"Pol\u00edtica d'accessibilitatL'empresa s'ha comprom\u00e8s a fer accessible el vostre lloc web de conformitat amb el Reial Decret 1112\/2018, de 7 de setembre, \u2713","breadcrumb":{"@id":"https:\/\/www.disstands.com\/politica-de-accesibilidad\/#breadcrumb"},"inLanguage":"ca","potentialAction":[{"@type":"ReadAction","target":["https:\/\/www.disstands.com\/politica-de-accesibilidad\/"]}]},{"@type":"BreadcrumbList","@id":"https:\/\/www.disstands.com\/politica-de-accesibilidad\/#breadcrumb","itemListElement":[{"@type":"ListItem","position":1,"name":"Portada","item":"https:\/\/www.disstands.com\/"},{"@type":"ListItem","position":2,"name":"Pol\u00edtica daccessibilitat"}]},{"@type":"WebSite","@id":"https:\/\/www.disstands.com\/#website","url":"https:\/\/www.disstands.com\/","name":"Disstands","description":"Instalaci\u00f3n de moquetas","publisher":{"@id":"https:\/\/www.disstands.com\/#organization"},"potentialAction":[{"@type":"SearchAction","target":{"@type":"EntryPoint","urlTemplate":"https:\/\/www.disstands.com\/?s={search_term_string}"},"query-input":{"@type":"PropertyValueSpecification","valueRequired":true,"valueName":"search_term_string"}}],"inLanguage":"ca"},{"@type":"Organization","@id":"https:\/\/www.disstands.com\/#organization","name":"Disstands","url":"https:\/\/www.disstands.com\/","logo":{"@type":"ImageObject","inLanguage":"ca","@id":"https:\/\/www.disstands.com\/#\/schema\/logo\/image\/","url":"https:\/\/www.disstands.com\/wp-content\/uploads\/2025\/06\/logo-disstands.png","contentUrl":"https:\/\/www.disstands.com\/wp-content\/uploads\/2025\/06\/logo-disstands.png","width":708,"height":352,"caption":"Disstands"},"image":{"@id":"https:\/\/www.disstands.com\/#\/schema\/logo\/image\/"},"sameAs":["https:\/\/www.facebook.com\/p\/wwwdisstandscom-100064148438682\/?_rdr","https:\/\/x.com\/disstands","https:\/\/www.instagram.com\/disstands_moquetas_sl\/"]}]}},"_links":{"self":[{"href":"https:\/\/www.disstands.com\/ca\/wp-json\/wp\/v2\/pages\/500","targetHints":{"allow":["GET"]}}],"collection":[{"href":"https:\/\/www.disstands.com\/ca\/wp-json\/wp\/v2\/pages"}],"about":[{"href":"https:\/\/www.disstands.com\/ca\/wp-json\/wp\/v2\/types\/page"}],"author":[{"embeddable":true,"href":"https:\/\/www.disstands.com\/ca\/wp-json\/wp\/v2\/users\/5"}],"replies":[{"embeddable":true,"href":"https:\/\/www.disstands.com\/ca\/wp-json\/wp\/v2\/comments?post=500"}],"version-history":[{"count":3,"href":"https:\/\/www.disstands.com\/ca\/wp-json\/wp\/v2\/pages\/500\/revisions"}],"predecessor-version":[{"id":11304,"href":"https:\/\/www.disstands.com\/ca\/wp-json\/wp\/v2\/pages\/500\/revisions\/11304"}],"wp:attachment":[{"href":"https:\/\/www.disstands.com\/ca\/wp-json\/wp\/v2\/media?parent=500"}],"curies":[{"name":"wp","href":"https:\/\/api.w.org\/{rel}","templated":true}]}}